{"id":68,"date":"2022-09-14T11:09:13","date_gmt":"2022-09-14T09:09:13","guid":{"rendered":"http:\/\/genieau.fr\/?page_id=68"},"modified":"2023-07-07T17:39:59","modified_gmt":"2023-07-07T15:39:59","slug":"transition-environnementale","status":"publish","type":"page","link":"https:\/\/genieau.fr\/index.php\/transition-environnementale\/","title":{"rendered":"Carri\u00e8re"},"content":{"rendered":"\t\t<div data-elementor-type=\"wp-page\" data-elementor-id=\"68\" class=\"elementor elementor-68\">\n\t\t\t\t\t\t\t\t\t<section class=\"elementor-section elementor-top-section elementor-element elementor-element-a39055a elementor-section-boxed elementor-section-height-default elementor-section-height-default\" data-id=\"a39055a\" data-element_type=\"section\">\n\t\t\t\t\t\t<div class=\"elementor-container elementor-column-gap-default\">\n\t\t\t\t\t<div class=\"elementor-column elementor-col-100 elementor-top-column elementor-element elementor-element-96e0b27\" data-id=\"96e0b27\" data-element_type=\"column\">\n\t\t\t<div class=\"elementor-widget-wrap elementor-element-populated\">\n\t\t\t\t\t\t\t\t<div class=\"elementor-element elementor-element-cf835d3 elementor-widget elementor-widget-text-editor\" data-id=\"cf835d3\" data-element_type=\"widget\" data-widget_type=\"text-editor.default\">\n\t\t\t\t<div class=\"elementor-widget-container\">\n\t\t\t<style>\/*! elementor - v3.11.3 - 07-03-2023 *\/\n.elementor-widget-text-editor.elementor-drop-cap-view-stacked .elementor-drop-cap{background-color:#818a91;color:#fff}.elementor-widget-text-editor.elementor-drop-cap-view-framed .elementor-drop-cap{color:#818a91;border:3px solid;background-color:transparent}.elementor-widget-text-editor:not(.elementor-drop-cap-view-default) .elementor-drop-cap{margin-top:8px}.elementor-widget-text-editor:not(.elementor-drop-cap-view-default) .elementor-drop-cap-letter{width:1em;height:1em}.elementor-widget-text-editor .elementor-drop-cap{float:left;text-align:center;line-height:1;font-size:50px}.elementor-widget-text-editor .elementor-drop-cap-letter{display:inline-block}<\/style>\t\t\t\t<p class=\"MsoNormal\" style=\"text-align:justify\"><span style=\"font-family:&quot;Helvetica&quot;,sans-serif\">Vous\n\u00eates motiv\u00e9 \u00e0 l\u2019id\u00e9e de contribuer au d\u00e9veloppement d\u2019une jeune entreprise\nconstitu\u00e9e de passionn\u00e9s&nbsp;? Vous \u00eates conscient de l\u2019urgence \u00e0 agir pour\nprot\u00e9ger la ressource en eau&nbsp;? Vous avez des comp\u00e9tences dans nos domaines\nd\u2019activit\u00e9s ou d\u2019autres, compl\u00e9mentaires aux n\u00f4tres, qui pourraient nous\npermettre d\u2019\u00e9tendre notre champ d\u2019intervention&nbsp;? D\u00e9posez votre CV ici,\naccompagn\u00e9 d\u2019une pr\u00e9sentation de vos motivations \u00e0 nous rejoindre.<o:p><\/o:p><\/span><\/p>\t\t\t\t\t\t<\/div>\n\t\t\t\t<\/div>\n\t\t\t\t\t<\/div>\n\t\t<\/div>\n\t\t\t\t\t\t\t<\/div>\n\t\t<\/section>\n\t\t\t\t\t\t\t<\/div>\n\t\t","protected":false},"excerpt":{"rendered":"<p>Vous \u00eates motiv\u00e9 \u00e0 l\u2019id\u00e9e de contribuer au d\u00e9veloppement d\u2019une jeune entreprise constitu\u00e9e de passionn\u00e9s&nbsp;? Vous \u00eates conscient de l\u2019urgence \u00e0 agir pour prot\u00e9ger la ressource en eau&nbsp;? Vous avez des comp\u00e9tences dans nos domaines d\u2019activit\u00e9s ou d\u2019autres, compl\u00e9mentaires aux n\u00f4tres, qui pourraient nous permettre d\u2019\u00e9tendre notre champ d\u2019intervention&nbsp;? D\u00e9posez votre CV ici, accompagn\u00e9 d\u2019une &hellip;<\/p>\n<p class=\"read-more\"> <a class=\"\" href=\"https:\/\/genieau.fr\/index.php\/transition-environnementale\/\"> <span class=\"screen-reader-text\">Carri\u00e8re<\/span> Lire la suite\u00a0\u00bb<\/a><\/p>\n","protected":false},"author":1,"featured_media":0,"parent":0,"menu_order":0,"comment_status":"closed","ping_status":"closed","template":"","meta":{"om_disable_all_campaigns":false,"_mi_skip_tracking":false,"site-sidebar-layout":"no-sidebar","site-content-layout":"page-builder","ast-global-header-display":"","ast-main-header-display":"","ast-hfb-above-header-display":"","ast-hfb-below-header-display":"","ast-hfb-mobile-header-display":"","site-post-title":"disabled","ast-breadcrumbs-content":"","ast-featured-img":"disabled","footer-sml-layout":"","theme-transparent-header-meta":"","adv-header-id-meta":"","stick-header-meta":"","header-above-stick-meta":"","header-main-stick-meta":"","header-below-stick-meta":"","footnotes":""},"class_list":["post-68","page","type-page","status-publish","hentry"],"yoast_head":"<!-- This site is optimized with the Yoast SEO plugin v20.2.1 - https:\/\/yoast.com\/wordpress\/plugins\/seo\/ -->\n<title>Carri\u00e8re - G\u00e9niEau<\/title>\n<meta name=\"robots\" content=\"index, follow, max-snippet:-1, max-image-preview:large, max-video-preview:-1\" \/>\n<link rel=\"canonical\" href=\"https:\/\/genieau.fr\/index.php\/transition-environnementale\/\" \/>\n<meta property=\"og:locale\" content=\"fr_FR\" \/>\n<meta property=\"og:type\" content=\"article\" \/>\n<meta property=\"og:title\" content=\"Carri\u00e8re - G\u00e9niEau\" \/>\n<meta property=\"og:description\" content=\"Vous \u00eates motiv\u00e9 \u00e0 l\u2019id\u00e9e de contribuer au d\u00e9veloppement d\u2019une jeune entreprise constitu\u00e9e de passionn\u00e9s&nbsp;? Vous \u00eates conscient de l\u2019urgence \u00e0 agir pour prot\u00e9ger la ressource en eau&nbsp;? Vous avez des comp\u00e9tences dans nos domaines d\u2019activit\u00e9s ou d\u2019autres, compl\u00e9mentaires aux n\u00f4tres, qui pourraient nous permettre d\u2019\u00e9tendre notre champ d\u2019intervention&nbsp;? D\u00e9posez votre CV ici, accompagn\u00e9 d\u2019une &hellip; Carri\u00e8re Lire la suite\u00a0\u00bb\" \/>\n<meta property=\"og:url\" content=\"https:\/\/genieau.fr\/index.php\/transition-environnementale\/\" \/>\n<meta property=\"og:site_name\" content=\"G\u00e9niEau\" \/>\n<meta property=\"article:modified_time\" content=\"2023-07-07T15:39:59+00:00\" \/>\n<meta name=\"twitter:card\" content=\"summary_large_image\" \/>\n<meta name=\"twitter:label1\" content=\"Dur\u00e9e de lecture estim\u00e9e\" \/>\n\t<meta name=\"twitter:data1\" content=\"1 minute\" \/>\n<script type=\"application\/ld+json\" class=\"yoast-schema-graph\">{\"@context\":\"https:\/\/schema.org\",\"@graph\":[{\"@type\":\"WebPage\",\"@id\":\"https:\/\/genieau.fr\/index.php\/transition-environnementale\/\",\"url\":\"https:\/\/genieau.fr\/index.php\/transition-environnementale\/\",\"name\":\"Carri\u00e8re - G\u00e9niEau\",\"isPartOf\":{\"@id\":\"https:\/\/genieau.fr\/#website\"},\"datePublished\":\"2022-09-14T09:09:13+00:00\",\"dateModified\":\"2023-07-07T15:39:59+00:00\",\"breadcrumb\":{\"@id\":\"https:\/\/genieau.fr\/index.php\/transition-environnementale\/#breadcrumb\"},\"inLanguage\":\"fr-FR\",\"potentialAction\":[{\"@type\":\"ReadAction\",\"target\":[\"https:\/\/genieau.fr\/index.php\/transition-environnementale\/\"]}]},{\"@type\":\"BreadcrumbList\",\"@id\":\"https:\/\/genieau.fr\/index.php\/transition-environnementale\/#breadcrumb\",\"itemListElement\":[{\"@type\":\"ListItem\",\"position\":1,\"name\":\"Accueil\",\"item\":\"https:\/\/genieau.fr\/\"},{\"@type\":\"ListItem\",\"position\":2,\"name\":\"Carri\u00e8re\"}]},{\"@type\":\"WebSite\",\"@id\":\"https:\/\/genieau.fr\/#website\",\"url\":\"https:\/\/genieau.fr\/\",\"name\":\"G\u00e9niEau\",\"description\":\"Un site utilisant WordPress\",\"publisher\":{\"@id\":\"https:\/\/genieau.fr\/#organization\"},\"potentialAction\":[{\"@type\":\"SearchAction\",\"target\":{\"@type\":\"EntryPoint\",\"urlTemplate\":\"https:\/\/genieau.fr\/?s={search_term_string}\"},\"query-input\":\"required name=search_term_string\"}],\"inLanguage\":\"fr-FR\"},{\"@type\":\"Organization\",\"@id\":\"https:\/\/genieau.fr\/#organization\",\"name\":\"G\u00e9niEau\",\"url\":\"https:\/\/genieau.fr\/\",\"logo\":{\"@type\":\"ImageObject\",\"inLanguage\":\"fr-FR\",\"@id\":\"https:\/\/genieau.fr\/#\/schema\/logo\/image\/\",\"url\":\"https:\/\/genieau.fr\/wp-content\/uploads\/2022\/09\/cropped-genieau-logo.png\",\"contentUrl\":\"https:\/\/genieau.fr\/wp-content\/uploads\/2022\/09\/cropped-genieau-logo.png\",\"width\":2000,\"height\":668,\"caption\":\"G\u00e9niEau\"},\"image\":{\"@id\":\"https:\/\/genieau.fr\/#\/schema\/logo\/image\/\"}}]}<\/script>\n<!-- \/ Yoast SEO plugin. -->","yoast_head_json":{"title":"Carri\u00e8re - G\u00e9niEau","robots":{"index":"index","follow":"follow","max-snippet":"max-snippet:-1","max-image-preview":"max-image-preview:large","max-video-preview":"max-video-preview:-1"},"canonical":"https:\/\/genieau.fr\/index.php\/transition-environnementale\/","og_locale":"fr_FR","og_type":"article","og_title":"Carri\u00e8re - G\u00e9niEau","og_description":"Vous \u00eates motiv\u00e9 \u00e0 l\u2019id\u00e9e de contribuer au d\u00e9veloppement d\u2019une jeune entreprise constitu\u00e9e de passionn\u00e9s&nbsp;? Vous \u00eates conscient de l\u2019urgence \u00e0 agir pour prot\u00e9ger la ressource en eau&nbsp;? Vous avez des comp\u00e9tences dans nos domaines d\u2019activit\u00e9s ou d\u2019autres, compl\u00e9mentaires aux n\u00f4tres, qui pourraient nous permettre d\u2019\u00e9tendre notre champ d\u2019intervention&nbsp;? D\u00e9posez votre CV ici, accompagn\u00e9 d\u2019une &hellip; Carri\u00e8re Lire la suite\u00a0\u00bb","og_url":"https:\/\/genieau.fr\/index.php\/transition-environnementale\/","og_site_name":"G\u00e9niEau","article_modified_time":"2023-07-07T15:39:59+00:00","twitter_card":"summary_large_image","twitter_misc":{"Dur\u00e9e de lecture estim\u00e9e":"1 minute"},"schema":{"@context":"https:\/\/schema.org","@graph":[{"@type":"WebPage","@id":"https:\/\/genieau.fr\/index.php\/transition-environnementale\/","url":"https:\/\/genieau.fr\/index.php\/transition-environnementale\/","name":"Carri\u00e8re - G\u00e9niEau","isPartOf":{"@id":"https:\/\/genieau.fr\/#website"},"datePublished":"2022-09-14T09:09:13+00:00","dateModified":"2023-07-07T15:39:59+00:00","breadcrumb":{"@id":"https:\/\/genieau.fr\/index.php\/transition-environnementale\/#breadcrumb"},"inLanguage":"fr-FR","potentialAction":[{"@type":"ReadAction","target":["https:\/\/genieau.fr\/index.php\/transition-environnementale\/"]}]},{"@type":"BreadcrumbList","@id":"https:\/\/genieau.fr\/index.php\/transition-environnementale\/#breadcrumb","itemListElement":[{"@type":"ListItem","position":1,"name":"Accueil","item":"https:\/\/genieau.fr\/"},{"@type":"ListItem","position":2,"name":"Carri\u00e8re"}]},{"@type":"WebSite","@id":"https:\/\/genieau.fr\/#website","url":"https:\/\/genieau.fr\/","name":"G\u00e9niEau","description":"Un site utilisant WordPress","publisher":{"@id":"https:\/\/genieau.fr\/#organization"},"potentialAction":[{"@type":"SearchAction","target":{"@type":"EntryPoint","urlTemplate":"https:\/\/genieau.fr\/?s={search_term_string}"},"query-input":"required name=search_term_string"}],"inLanguage":"fr-FR"},{"@type":"Organization","@id":"https:\/\/genieau.fr\/#organization","name":"G\u00e9niEau","url":"https:\/\/genieau.fr\/","logo":{"@type":"ImageObject","inLanguage":"fr-FR","@id":"https:\/\/genieau.fr\/#\/schema\/logo\/image\/","url":"https:\/\/genieau.fr\/wp-content\/uploads\/2022\/09\/cropped-genieau-logo.png","contentUrl":"https:\/\/genieau.fr\/wp-content\/uploads\/2022\/09\/cropped-genieau-logo.png","width":2000,"height":668,"caption":"G\u00e9niEau"},"image":{"@id":"https:\/\/genieau.fr\/#\/schema\/logo\/image\/"}}]}},"_links":{"self":[{"href":"https:\/\/genieau.fr\/index.php\/wp-json\/wp\/v2\/pages\/68","targetHints":{"allow":["GET"]}}],"collection":[{"href":"https:\/\/genieau.fr\/index.php\/wp-json\/wp\/v2\/pages"}],"about":[{"href":"https:\/\/genieau.fr\/index.php\/wp-json\/wp\/v2\/types\/page"}],"author":[{"embeddable":true,"href":"https:\/\/genieau.fr\/index.php\/wp-json\/wp\/v2\/users\/1"}],"replies":[{"embeddable":true,"href":"https:\/\/genieau.fr\/index.php\/wp-json\/wp\/v2\/comments?post=68"}],"version-history":[{"count":5,"href":"https:\/\/genieau.fr\/index.php\/wp-json\/wp\/v2\/pages\/68\/revisions"}],"predecessor-version":[{"id":404,"href":"https:\/\/genieau.fr\/index.php\/wp-json\/wp\/v2\/pages\/68\/revisions\/404"}],"wp:attachment":[{"href":"https:\/\/genieau.fr\/index.php\/wp-json\/wp\/v2\/media?parent=68"}],"curies":[{"name":"wp","href":"https:\/\/api.w.org\/{rel}","templated":true}]}}